{"id":11484,"date":"2018-02-27T18:05:39","date_gmt":"2018-02-27T17:05:39","guid":{"rendered":"https:\/\/zunk.sk\/en\/?page_id=11484"},"modified":"2018-05-30T15:21:32","modified_gmt":"2018-05-30T13:21:32","slug":"references","status":"publish","type":"page","link":"https:\/\/zunk.sk\/en\/references\/","title":{"rendered":"References"},"content":{"rendered":"<p>[vc_row][vc_column width=&#8221;1\/2&#8243;][vc_column_text]<strong>STRATEGIC END USERS:<\/strong><\/p>\n<ul>\n<li>ABB s.r.o.<\/li>\n<li>Embraco Slovakia s.r.o.<\/li>\n<li>HanonAutopalSystems<\/li>\n<li>Jadrov\u00e1 a vyra\u010fovacia spolo\u010dnos\u0165, a.s.<\/li>\n<li>Meopta &#8211; optics<\/li>\n<\/ul>\n<p>[\/vc_column_text][\/vc_column][vc_column width=&#8221;1\/2&#8243;][vc_column_text]<\/p>\n<ul>\n<li>MKW Pre\u0161ov, spol. s r.o.<\/li>\n<li>Schaeffler Slovensko, spol. s r.o.<\/li>\n<li>Siemens s.r.o.<\/li>\n<li>VOLKSWAGEN SLOVAKIA a.s., z\u00e1vod Martin<\/li>\n<li>Z\u00e1padoslovensk\u00e1 vod\u00e1rensk\u00e1 spolo\u010dnos\u0165, a.s.<\/li>\n<\/ul>\n<p>[\/vc_column_text][\/vc_column][\/vc_row][vc_row][vc_column][vc_empty_space][vc_separator][vc_empty_space][vc_empty_space][vc_column_text]<\/p>\n<p style=\"text-align: center;\"><strong><span style=\"font-size: 36pt;\">REALIZED MACHINES AND EQUIPMENT<\/span><\/strong><\/p>\n<p>[\/vc_column_text][\/vc_column][\/vc_row][vc_row][vc_column][vc_separator][vc_empty_space][vc_column_text]<strong><span style=\"font-size: 24pt;\">Compressor shaft grinders<\/span><\/strong>[\/vc_column_text][vc_empty_space][vc_row_inner][vc_column_inner width=&#8221;1\/2&#8243;][vc_single_image image=&#8221;11543&#8243; img_size=&#8221;full&#8221;][\/vc_column_inner][vc_column_inner width=&#8221;1\/2&#8243;][vc_single_image image=&#8221;11502&#8243; img_size=&#8221;full&#8221;][\/vc_column_inner][\/vc_row_inner][vc_empty_space][\/vc_column][\/vc_row][vc_row][vc_column][vc_separator][vc_empty_space][vc_column_text]<strong><span style=\"font-size: 24pt;\">Carousel machine for drilling and threading holes in bearings<\/span><\/strong>[\/vc_column_text][vc_empty_space][vc_row_inner][vc_column_inner width=&#8221;1\/2&#8243;][vc_single_image image=&#8221;11505&#8243; img_size=&#8221;full&#8221;][\/vc_column_inner][vc_column_inner width=&#8221;1\/2&#8243;][vc_single_image image=&#8221;11544&#8243; img_size=&#8221;full&#8221;][\/vc_column_inner][\/vc_row_inner][vc_empty_space][\/vc_column][\/vc_row][vc_row][vc_column][vc_separator][vc_empty_space][vc_column_text]<strong><span style=\"font-size: 24pt;\">Lines for ultrasonic cleaning (Optical Lenses, Heatsinks)<\/span><\/strong>[\/vc_column_text][vc_empty_space][vc_row_inner][vc_column_inner width=&#8221;1\/2&#8243;][vc_single_image image=&#8221;11507&#8243; img_size=&#8221;full&#8221;][\/vc_column_inner][vc_column_inner width=&#8221;1\/2&#8243;][vc_single_image image=&#8221;11546&#8243; img_size=&#8221;full&#8221;][\/vc_column_inner][\/vc_row_inner][vc_empty_space][\/vc_column][\/vc_row][vc_row][vc_column][vc_separator][vc_empty_space][vc_column_text]<strong><span style=\"font-size: 24pt;\">Automated warehouse of ISO containers<\/span><\/strong>[\/vc_column_text][vc_empty_space][vc_row_inner][vc_column_inner width=&#8221;1\/2&#8243;][vc_single_image image=&#8221;11547&#8243; img_size=&#8221;full&#8221;][\/vc_column_inner][vc_column_inner width=&#8221;1\/2&#8243;][vc_single_image image=&#8221;11504&#8243; img_size=&#8221;full&#8221;][\/vc_column_inner][\/vc_row_inner][vc_empty_space][\/vc_column][\/vc_row]<\/p>\n","protected":false},"excerpt":{"rendered":"<p>[vc_row][vc_column width=&#8221;1\/2&#8243;][vc_column_text]STRATEGIC END USERS: ABB s.r.o. Embraco Slovakia s.r.o. HanonAutopalSystems Jadrov\u00e1 a vyra\u010fovacia spolo\u010dnos\u0165, a.s. Meopta &#8211; optics [\/vc_column_text][\/vc_column][vc_column width=&#8221;1\/2&#8243;][vc_column_text] MKW Pre\u0161ov, spol. s r.o. Schaeffler Slovensko, spol. s r.o&#8230;.<\/p>\n","protected":false},"author":3,"featured_media":0,"parent":0,"menu_order":0,"comment_status":"closed","ping_status":"closed","template":"","meta":[],"yoast_head":"<!-- This site is optimized with the Yoast SEO plugin v19.2 - https:\/\/yoast.com\/wordpress\/plugins\/seo\/ -->\n<title>References - ZUNK s.r.o.<\/title>\n<meta name=\"robots\" content=\"index, follow, max-snippet:-1, max-image-preview:large, max-video-preview:-1\" \/>\n<link rel=\"canonical\" href=\"https:\/\/zunk.sk\/en\/references\/\" \/>\n<meta property=\"og:locale\" content=\"en_US\" \/>\n<meta property=\"og:type\" content=\"article\" \/>\n<meta property=\"og:title\" content=\"References - ZUNK s.r.o.\" \/>\n<meta property=\"og:description\" content=\"[vc_row][vc_column width=&#8221;1\/2&#8243;][vc_column_text]STRATEGIC END USERS: ABB s.r.o. Embraco Slovakia s.r.o. HanonAutopalSystems Jadrov\u00e1 a vyra\u010fovacia spolo\u010dnos\u0165, a.s. Meopta &#8211; optics [\/vc_column_text][\/vc_column][vc_column width=&#8221;1\/2&#8243;][vc_column_text] MKW Pre\u0161ov, spol. s r.o. Schaeffler Slovensko, spol. s r.o....\" \/>\n<meta property=\"og:url\" content=\"https:\/\/zunk.sk\/en\/references\/\" \/>\n<meta property=\"og:site_name\" content=\"ZUNK s.r.o.\" \/>\n<meta property=\"article:modified_time\" content=\"2018-05-30T13:21:32+00:00\" \/>\n<meta name=\"author\" content=\"Spravce\" \/>\n<meta name=\"twitter:card\" content=\"summary_large_image\" \/>\n<meta name=\"twitter:label1\" content=\"Est. reading time\" \/>\n\t<meta name=\"twitter:data1\" content=\"2 minutes\" \/>\n<script type=\"application\/ld+json\" class=\"yoast-schema-graph\">{\"@context\":\"https:\/\/schema.org\",\"@graph\":[{\"@type\":\"WebSite\",\"@id\":\"https:\/\/zunk.sk\/en\/#website\",\"url\":\"https:\/\/zunk.sk\/en\/\",\"name\":\"ZUNK s.r.o.\",\"description\":\"\",\"potentialAction\":[{\"@type\":\"SearchAction\",\"target\":{\"@type\":\"EntryPoint\",\"urlTemplate\":\"https:\/\/zunk.sk\/en\/?s={search_term_string}\"},\"query-input\":\"required name=search_term_string\"}],\"inLanguage\":\"en-US\"},{\"@type\":\"WebPage\",\"@id\":\"https:\/\/zunk.sk\/en\/references\/#webpage\",\"url\":\"https:\/\/zunk.sk\/en\/references\/\",\"name\":\"References - ZUNK s.r.o.\",\"isPartOf\":{\"@id\":\"https:\/\/zunk.sk\/en\/#website\"},\"datePublished\":\"2018-02-27T17:05:39+00:00\",\"dateModified\":\"2018-05-30T13:21:32+00:00\",\"breadcrumb\":{\"@id\":\"https:\/\/zunk.sk\/en\/references\/#breadcrumb\"},\"inLanguage\":\"en-US\",\"potentialAction\":[{\"@type\":\"ReadAction\",\"target\":[\"https:\/\/zunk.sk\/en\/references\/\"]}]},{\"@type\":\"BreadcrumbList\",\"@id\":\"https:\/\/zunk.sk\/en\/references\/#breadcrumb\",\"itemListElement\":[{\"@type\":\"ListItem\",\"position\":1,\"name\":\"Home\",\"item\":\"https:\/\/zunk.sk\/en\/\"},{\"@type\":\"ListItem\",\"position\":2,\"name\":\"References\"}]}]}<\/script>\n<!-- \/ Yoast SEO plugin. -->","yoast_head_json":{"title":"References - ZUNK s.r.o.","robots":{"index":"index","follow":"follow","max-snippet":"max-snippet:-1","max-image-preview":"max-image-preview:large","max-video-preview":"max-video-preview:-1"},"canonical":"https:\/\/zunk.sk\/en\/references\/","og_locale":"en_US","og_type":"article","og_title":"References - ZUNK s.r.o.","og_description":"[vc_row][vc_column width=&#8221;1\/2&#8243;][vc_column_text]STRATEGIC END USERS: ABB s.r.o. Embraco Slovakia s.r.o. HanonAutopalSystems Jadrov\u00e1 a vyra\u010fovacia spolo\u010dnos\u0165, a.s. Meopta &#8211; optics [\/vc_column_text][\/vc_column][vc_column width=&#8221;1\/2&#8243;][vc_column_text] MKW Pre\u0161ov, spol. s r.o. Schaeffler Slovensko, spol. s r.o....","og_url":"https:\/\/zunk.sk\/en\/references\/","og_site_name":"ZUNK s.r.o.","article_modified_time":"2018-05-30T13:21:32+00:00","author":"Spravce","twitter_card":"summary_large_image","twitter_misc":{"Est. reading time":"2 minutes"},"schema":{"@context":"https:\/\/schema.org","@graph":[{"@type":"WebSite","@id":"https:\/\/zunk.sk\/en\/#website","url":"https:\/\/zunk.sk\/en\/","name":"ZUNK s.r.o.","description":"","potentialAction":[{"@type":"SearchAction","target":{"@type":"EntryPoint","urlTemplate":"https:\/\/zunk.sk\/en\/?s={search_term_string}"},"query-input":"required name=search_term_string"}],"inLanguage":"en-US"},{"@type":"WebPage","@id":"https:\/\/zunk.sk\/en\/references\/#webpage","url":"https:\/\/zunk.sk\/en\/references\/","name":"References - ZUNK s.r.o.","isPartOf":{"@id":"https:\/\/zunk.sk\/en\/#website"},"datePublished":"2018-02-27T17:05:39+00:00","dateModified":"2018-05-30T13:21:32+00:00","breadcrumb":{"@id":"https:\/\/zunk.sk\/en\/references\/#breadcrumb"},"inLanguage":"en-US","potentialAction":[{"@type":"ReadAction","target":["https:\/\/zunk.sk\/en\/references\/"]}]},{"@type":"BreadcrumbList","@id":"https:\/\/zunk.sk\/en\/references\/#breadcrumb","itemListElement":[{"@type":"ListItem","position":1,"name":"Home","item":"https:\/\/zunk.sk\/en\/"},{"@type":"ListItem","position":2,"name":"References"}]}]}},"_links":{"self":[{"href":"https:\/\/zunk.sk\/en\/wp-json\/wp\/v2\/pages\/11484"}],"collection":[{"href":"https:\/\/zunk.sk\/en\/wp-json\/wp\/v2\/pages"}],"about":[{"href":"https:\/\/zunk.sk\/en\/wp-json\/wp\/v2\/types\/page"}],"author":[{"embeddable":true,"href":"https:\/\/zunk.sk\/en\/wp-json\/wp\/v2\/users\/3"}],"replies":[{"embeddable":true,"href":"https:\/\/zunk.sk\/en\/wp-json\/wp\/v2\/comments?post=11484"}],"version-history":[{"count":6,"href":"https:\/\/zunk.sk\/en\/wp-json\/wp\/v2\/pages\/11484\/revisions"}],"predecessor-version":[{"id":11578,"href":"https:\/\/zunk.sk\/en\/wp-json\/wp\/v2\/pages\/11484\/revisions\/11578"}],"wp:attachment":[{"href":"https:\/\/zunk.sk\/en\/wp-json\/wp\/v2\/media?parent=11484"}],"curies":[{"name":"wp","href":"https:\/\/api.w.org\/{rel}","templated":true}]}}